{"id":234,"date":"2016-03-09T14:55:17","date_gmt":"2016-03-09T13:55:17","guid":{"rendered":"http:\/\/congion.sksne.local\/?page_id=234"},"modified":"2016-03-18T10:14:52","modified_gmt":"2016-03-18T09:14:52","slug":"prozessoptimierung","status":"publish","type":"page","link":"https:\/\/comcloud.info\/?page_id=234","title":{"rendered":"Prozessoptimierung"},"content":{"rendered":"<div class=\"wpb-content-wrapper\"><p>[vc_row css=&#8220;.vc_custom_1458052955421{margin-top: 0px !important;margin-right: 0px !important;margin-bottom: 0px !important;margin-left: 0px !important;border-top-width: 10px !important;border-right-width: 50px !important;border-bottom-width: 10px !important;border-left-width: 50px !important;padding-top: 0px !important;padding-right: 0px !important;padding-bottom: 0px !important;padding-left: 0px !important;}&#8220;][vc_column][vc_column_text]<\/p>\n<p style=\"text-align: center;\"><span style=\"font-size: 300%; color: #808080;\">Prozessoptimierung<\/span><\/p>\n<p>&nbsp;<\/p>\n<p><span style=\"font-size: 120%; color: #808080;\">Die Gesch\u00e4ftsabl\u00e4ufe eines Unternehmens werden immer st\u00e4rker durch die Qualit\u00e4t des zugrundeliegenden IT-Managements bestimmt. Aus diesem Grunde ist eine Optimierung der Prozesse und eine nahtlose Integration in das Unternehmenskonzept eminent wichtig. Mangelnde Effizienz und Leistungsschw\u00e4chen des IT-Service k\u00f6nnen den Erfolg eines Unternehmens am Markt erheblich gef\u00e4hrden. Dieses gilt f\u00fcr Unternehmen jeder Gr\u00f6\u00dfe, auch wenn gerade bei kleineren Unternehmen diese Gefahr oftmals untersch\u00e4tzt wird.<\/span><\/p>\n<p>&nbsp;<\/p>\n<p><span style=\"font-size: 120%; color: #808080;\">Als Spezialist f\u00fcr die IT-Prozessgestaltung bieten wir Ihnen ein Konzept zu der Gestaltung einer effizienteren und auf die Prozesse Ihrer Gesch\u00e4ftsabl\u00e4ufe optimierten IT-Struktur an. Die wichtigsten Fragen hierbei sind, wie ungenutzte Potentiale zur Reduzierung der Kosten der vorhandenen Strukturen gehoben werden k\u00f6nnen. Dazu gilt es die Effizienz der Abl\u00e4ufe zu steigern und sich den \u00c4nderungen der Anforderung des Wettbewerbs anzupassen.<\/span><\/p>\n<p>&nbsp;<\/p>\n<p><span style=\"font-size: 120%; color: #808080;\">Nach einer gemeinsamen Formulierung Ihrer speziellen Anforderungen lassen wir zus\u00e4tzlich zu unserer Erfahrung auch Regelwerke wie CoBIT und ITL in die Erstellung des Konzepts einflie\u00dfen. Auch hier steht der individuelle Bedarf des Kunden den im Focus.<\/span><\/p>\n<p>&nbsp;<\/p>\n<p><span style=\"font-size: 120%; color: #808080;\">Aus unserer Erfahrung bei der Optimierung von IT-Prozessen lassen sich viele Anhaltspunkte definieren, die bei der Erstellung eines konzepts helfen.<\/span><\/p>\n<p>&nbsp;<\/p>\n<p><span style=\"font-size: 120%; color: #808080;\">Hier einige Beispiele:<\/span><\/p>\n<p>&nbsp;<\/p>\n<p><span style=\"font-size: 200%; color: #4cbed3;\">Customer Relationship Management (CRM)<\/span><\/p>\n<p>&nbsp;<\/p>\n<p><span style=\"font-size: 120%; color: #808080;\"><br \/>\n\u2022 Definition der Kundenstruktur und den sich daraus ergebenden Anforderungen<br \/>\n\u2022 Erstellen einer Struktur der ben\u00f6tigten Leistungen und Benennen derselben<br \/>\n\u2022 Steuerung des Verbrauchs an Ressourcen f\u00fcr die Gew\u00e4hrleistung eines reibungslosen Ablaufs<br \/>\n<\/span><\/p>\n<p>&nbsp;<\/p>\n<p><span style=\"font-size: 200%; color: #4cbed3;\">Enterprise Resource Planning (ERP)<\/span><\/p>\n<p>&nbsp;<\/p>\n<p><span style=\"font-size: 120%; color: #808080;\"><br \/>\n\u2022 Erhebung detaillierter Informationen \u00fcber alle relevanten Funktionen<br \/>\n\u2022 Aggregierung der gewonnen Informationen zur Optimierung der Prozesse<br \/>\n<\/span><\/p>\n<p>&nbsp;<\/p>\n<p><span style=\"font-size: 200%; color: #4cbed3;\">Supply Chain Management (SCM)<\/span><\/p>\n<p>&nbsp;<\/p>\n<p><span style=\"font-size: 120%; color: #808080;\"><br \/>\n\u2022 Definition von aufeinander abgestimmten Rollen und Prozessen<br \/>\n\u2022 Optimierung der Logistik<br \/>\n\u2022 Anpassung an ver\u00e4nderte Anforderungen des Gesch\u00e4ftsablaufs<br \/>\n<\/span>[\/vc_column_text][\/vc_column][\/vc_row]<\/p>\n<\/div>","protected":false},"excerpt":{"rendered":"<p>[vc_row css=&#8220;.vc_custom_1458052955421{margin-top: 0px !important;margin-right: 0px !important;margin-bottom: 0px !important;margin-left: 0px !important;border-top-width: 10px !important;border-right-width: 50px !important;border-bottom-width: 10px !important;border-left-width: 50px !important;padding-top: 0px !important;padding-right: 0px !important;padding-bottom: 0px !important;padding-left: 0px !important;}&#8220;][vc_column][vc_column_text] Prozessoptimierung &nbsp; Die Gesch\u00e4ftsabl\u00e4ufe&#8230;<\/p>\n","protected":false},"author":1,"featured_media":0,"parent":0,"menu_order":0,"comment_status":"closed","ping_status":"closed","template":"","meta":{"footnotes":""},"class_list":["post-234","page","type-page","status-publish","hentry"],"_links":{"self":[{"href":"https:\/\/comcloud.info\/index.php?rest_route=\/wp\/v2\/pages\/234","targetHints":{"allow":["GET"]}}],"collection":[{"href":"https:\/\/comcloud.info\/index.php?rest_route=\/wp\/v2\/pages"}],"about":[{"href":"https:\/\/comcloud.info\/index.php?rest_route=\/wp\/v2\/types\/page"}],"author":[{"embeddable":true,"href":"https:\/\/comcloud.info\/index.php?rest_route=\/wp\/v2\/users\/1"}],"replies":[{"embeddable":true,"href":"https:\/\/comcloud.info\/index.php?rest_route=%2Fwp%2Fv2%2Fcomments&post=234"}],"version-history":[{"count":6,"href":"https:\/\/comcloud.info\/index.php?rest_route=\/wp\/v2\/pages\/234\/revisions"}],"predecessor-version":[{"id":505,"href":"https:\/\/comcloud.info\/index.php?rest_route=\/wp\/v2\/pages\/234\/revisions\/505"}],"wp:attachment":[{"href":"https:\/\/comcloud.info\/index.php?rest_route=%2Fwp%2Fv2%2Fmedia&parent=234"}],"curies":[{"name":"wp","href":"https:\/\/api.w.org\/{rel}","templated":true}]}}