{"id":232,"date":"2016-03-09T14:54:50","date_gmt":"2016-03-09T13:54:50","guid":{"rendered":"http:\/\/congion.sksne.local\/?page_id=232"},"modified":"2016-03-18T10:19:24","modified_gmt":"2016-03-18T09:19:24","slug":"strategie-beratung","status":"publish","type":"page","link":"https:\/\/comcloud.info\/?page_id=232","title":{"rendered":"Strategie-Beratung"},"content":{"rendered":"<div class=\"wpb-content-wrapper\"><p>[vc_row css=&#8220;.vc_custom_1458051590708{margin-top: 0px !important;margin-right: 0px !important;margin-bottom: 0px !important;margin-left: 0px !important;border-top-width: 10px !important;border-right-width: 50px !important;border-bottom-width: 10px !important;border-left-width: 50px !important;padding-top: 0px !important;padding-right: 0px !important;padding-bottom: 0px !important;padding-left: 0px !important;}&#8220;][vc_column][vc_column_text]<\/p>\n<p style=\"text-align: center;\"><span style=\"font-size: 300%; color: #808080;\">Strategie-Beratung<\/span><\/p>\n<p>&nbsp;<\/p>\n<p><span style=\"font-size: 200%; color: #4cbed3;\">Wir erstellen ein Fundament, auf das Sie aufbauen k\u00f6nnen<\/span><\/p>\n<p>&nbsp;<\/p>\n<p><span style=\"font-size: 120%; color: #808080;\">Heutzutage kommen immer schneller neue Herausforderungen auf Unternehmen zu und die meisten Gesch\u00e4ftsmodelle basieren auf IT-L\u00f6sungen. Es stellt sich daher die Frage, welche Auswirkung diese Tatsache auf die Unternehmensstrategie hat und ob sie unabh\u00e4ngig von der IT-Strategie betrachtet werden kann.<\/span><\/p>\n<p>&nbsp;<\/p>\n<p><span style=\"font-size: 120%; color: #808080;\">Die Informationstechnologie ist in den Unternehmen nicht mehr nur Produktions- und Kostenfaktor. Seit Online-Handel, Online-Banking und Social Media zum allt\u00e4glichen Leben geh\u00f6ren ist klar, dass die IT diese neuen Gesch\u00e4ftsmodelle in vielen Unternehmen erst erm\u00f6glicht hat und somit zum Werttreiber geworden ist. F\u00fcr viele Unternehmen stellt sich nun die Frage, wie man aus dem Kostenfaktor IT einen Einnahmefaktor machen kann.<\/span><\/p>\n<p>&nbsp;<\/p>\n<p><span style=\"font-size: 120%; color: #808080;\">Auch wenn die IT keinen direkten Bezug zu dem Gesch\u00e4ftsmodell eines Unternehmens hat, sollte sie so mit den Unternehmensprozessen verzahnt werden, dass dies zu mehr Effizienz und Stabilit\u00e4t f\u00fchrt. Die strategischen Aspekte der IT sollten also bei der Unternehmensstrategie von Beginn an einen gewichtigen Einfluss haben.<\/span><\/p>\n<p>&nbsp;<\/p>\n<p><span style=\"font-size: 200%; color: #4cbed3;\">Verzahnen Sie Ihre Unternehmensstrategie mit Ihrer IT-Strategie<\/span><\/p>\n<p>&nbsp;<\/p>\n<p><span style=\"font-size: 120%; color: #808080;\">Wie entwickeln f\u00fcr Sie ein ganzheitliches Konzept, mit dem Sie Ihre Unternehmensstrategie mit der dazu passenden IT-Strategie verbinden k\u00f6nnen.<\/span><\/p>\n<p>&nbsp;<\/p>\n<p><span style=\"font-size: 120%; color: #808080;\">Die Kernelemente der IT, Infrastruktur, Anwendungen und Integration, setzen wir in unserem Konzept in Bezug zu Ihrer Unternehmensstrategie. Wichtige Kernelemente sind hier die prognostizierte Entwicklung des Unternehmens, die Betrachtung der Kundenstruktur und die Standortpolitik, die in das von uns entwickelte Konzept Einfluss finden, damit Ihrem Unternehmen das passende R\u00fcstzeug f\u00fcr eine erfolgreiche Zukunft gegeben wird.<\/span><\/p>\n<p>&nbsp;<\/p>\n<p>[\/vc_column_text][\/vc_column][\/vc_row]<\/p>\n<\/div>","protected":false},"excerpt":{"rendered":"<p>[vc_row css=&#8220;.vc_custom_1458051590708{margin-top: 0px !important;margin-right: 0px !important;margin-bottom: 0px !important;margin-left: 0px !important;border-top-width: 10px !important;border-right-width: 50px !important;border-bottom-width: 10px !important;border-left-width: 50px !important;padding-top: 0px !important;padding-right: 0px !important;padding-bottom: 0px !important;padding-left: 0px !important;}&#8220;][vc_column][vc_column_text] Strategie-Beratung &nbsp; Wir erstellen&#8230;<\/p>\n","protected":false},"author":1,"featured_media":0,"parent":0,"menu_order":0,"comment_status":"closed","ping_status":"closed","template":"","meta":{"footnotes":""},"class_list":["post-232","page","type-page","status-publish","hentry"],"_links":{"self":[{"href":"https:\/\/comcloud.info\/index.php?rest_route=\/wp\/v2\/pages\/232","targetHints":{"allow":["GET"]}}],"collection":[{"href":"https:\/\/comcloud.info\/index.php?rest_route=\/wp\/v2\/pages"}],"about":[{"href":"https:\/\/comcloud.info\/index.php?rest_route=\/wp\/v2\/types\/page"}],"author":[{"embeddable":true,"href":"https:\/\/comcloud.info\/index.php?rest_route=\/wp\/v2\/users\/1"}],"replies":[{"embeddable":true,"href":"https:\/\/comcloud.info\/index.php?rest_route=%2Fwp%2Fv2%2Fcomments&post=232"}],"version-history":[{"count":7,"href":"https:\/\/comcloud.info\/index.php?rest_route=\/wp\/v2\/pages\/232\/revisions"}],"predecessor-version":[{"id":506,"href":"https:\/\/comcloud.info\/index.php?rest_route=\/wp\/v2\/pages\/232\/revisions\/506"}],"wp:attachment":[{"href":"https:\/\/comcloud.info\/index.php?rest_route=%2Fwp%2Fv2%2Fmedia&parent=232"}],"curies":[{"name":"wp","href":"https:\/\/api.w.org\/{rel}","templated":true}]}}