{"id":226,"date":"2016-03-09T14:53:30","date_gmt":"2016-03-09T13:53:30","guid":{"rendered":"http:\/\/congion.sksne.local\/?page_id=226"},"modified":"2016-03-16T12:17:15","modified_gmt":"2016-03-16T11:17:15","slug":"infrastruktur-loesungen","status":"publish","type":"page","link":"https:\/\/comcloud.info\/?page_id=226","title":{"rendered":"Infrastruktur-L\u00f6sungen"},"content":{"rendered":"<div class=\"wpb-content-wrapper\"><p>[vc_row css=&#8220;.vc_custom_1458039896322{margin-top: 0px !important;margin-bottom: 0px !important;border-top-width: 10px !important;border-right-width: 50px !important;border-bottom-width: 10px !important;border-left-width: 50px !important;padding-top: 0px !important;padding-bottom: 0px !important;}&#8220;][vc_column][vc_column_text]<\/p>\n<p style=\"text-align: center;\"><span style=\"font-size: 300%; color: #808080;\">Infrastruktur-L\u00f6sungen<\/span><\/p>\n<p>&nbsp;<\/p>\n<p><span style=\"font-size: 200%; color: #4cbed3;\">Wir sorgen f\u00fcr eine stabile und flexible IT-Infrastruktur<\/span><\/p>\n<p>&nbsp;<\/p>\n<p><span style=\"font-size: 120%; color: #808080;\">Eine optimierte IT-Infrastruktur im Unternehmen ist die Voraussetzung f\u00fcr die effektive Nutzung der ben\u00f6tigten IT-Systeme durch die Mitarbeiter. Dabei ist die Herausforderung, individuelle Anspr\u00fcche eines Unternehmens innerhalb einer stabilen und kostenoptimierten IT-Infrastruktur zu realisieren. Vertrauen Sie dabei auf unsere modularen IT-Konzepte, die eine schrittweise Umsetzung Ihres Konzeptes garantieren.<\/span><\/p>\n<p>&nbsp;<\/p>\n<p><span style=\"font-size: 200%; color: #4cbed3;\">Individuell, ganzheitlich und professionell<\/span><\/p>\n<p>&nbsp;<\/p>\n<p><span style=\"font-size: 120%; color: #808080;\">In erster Linie sollte eine IT-Infrastruktur verl\u00e4sslich und an die Anforderungen des Kunden angepasst sein. Dazu muss sie einen unterbrechungsfreien Betrieb und hohe Performanz gew\u00e4hrleisten. Durch die Vielzahl unserer Zertifizierungen, eine enge Zusammenarbeit mit den Herstellern, jahrelange Erfahrung und bew\u00e4hrte Prozesse sind wir in der Lage, Ihnen nahezu alle IT-Infrastruktur-Leistungen zu bieten. Systemseitig unterst\u00fctzen wir Sie bei allen Netzwerkthemen: Von Client\/Server \u00fcber Backbone-L\u00f6sungen bis zur eignen Cloud stehen wir Ihnen zur Seite.<\/span><\/p>\n<p>&nbsp;<\/p>\n<p><span style=\"font-size: 200%; color: #4cbed3;\">Leistungsstark und kosteneffizient<\/span><\/p>\n<p>&nbsp;<\/p>\n<p><span style=\"font-size: 120%; color: #808080;\">Wir unterst\u00fctzen Sie umfassend und stellen sicher, dass Organisation und Gesch\u00e4ftsprozesse von leistungsstarken und gleichzeitig kosteneffizienten IT-Infrastrukturen getragen werden. Im laufenden Betrieb realisieren wir dies durch L\u00f6sungen, die den Administrationsaufwand signifikant senken und interne Ressourcen entlasten. IT-Verantwortliche erhalten so mehr \u00dcbersicht, IT-Infrastrukturen gewinnen an Verf\u00fcgbarkeit und Schnelligkeit.<\/span><\/p>\n<p>&nbsp;<\/p>\n<p><span style=\"font-size: 200%; color: #4cbed3;\">Sicher und termingerecht<\/span><\/p>\n<p>&nbsp;<\/p>\n<p><span style=\"font-size: 120%; color: #808080;\">Von der ersten Planung \u00fcber die Ausf\u00fchrung bis zur Fertigstellung gew\u00e4hrleisten wir eine sichere und termingerechte Ausf\u00fchrung unserer IT-Infrastruktur-L\u00f6sungen. Wir unterst\u00fctzen Sie u. a. in folgenden Bereichen:<\/span><\/p>\n<p><span style=\"font-size: 120%; color: #808080;\"><br \/>\n\u2022 Backup and Recovery<br \/>\n\u2022 Cloud-L\u00f6sungen<br \/>\n\u2022 Desktop-Virtualisierung\/Thin-Clients<br \/>\n\u2022 Mobile Device Management<br \/>\n\u2022 Netzwerk (WAN, LAN und WLAN)<br \/>\n\u2022 Netzwerk-Infrastrukturen<br \/>\n\u2022 Serversysteme<br \/>\n\u2022 Storagesysteme<br \/>\n\u2022 Server-Virtualisierung<br \/>\n\u2022 Voice over IP und Unified Communication<br \/>\n<\/span>[\/vc_column_text][\/vc_column][\/vc_row]<\/p>\n<\/div>","protected":false},"excerpt":{"rendered":"<p>[vc_row css=&#8220;.vc_custom_1458039896322{margin-top: 0px !important;margin-bottom: 0px !important;border-top-width: 10px !important;border-right-width: 50px !important;border-bottom-width: 10px !important;border-left-width: 50px !important;padding-top: 0px !important;padding-bottom: 0px !important;}&#8220;][vc_column][vc_column_text] Infrastruktur-L\u00f6sungen &nbsp; Wir sorgen f\u00fcr eine stabile und flexible IT-Infrastruktur &nbsp; Eine&#8230;<\/p>\n","protected":false},"author":1,"featured_media":0,"parent":0,"menu_order":0,"comment_status":"closed","ping_status":"closed","template":"","meta":{"footnotes":""},"class_list":["post-226","page","type-page","status-publish","hentry"],"_links":{"self":[{"href":"https:\/\/comcloud.info\/index.php?rest_route=\/wp\/v2\/pages\/226","targetHints":{"allow":["GET"]}}],"collection":[{"href":"https:\/\/comcloud.info\/index.php?rest_route=\/wp\/v2\/pages"}],"about":[{"href":"https:\/\/comcloud.info\/index.php?rest_route=\/wp\/v2\/types\/page"}],"author":[{"embeddable":true,"href":"https:\/\/comcloud.info\/index.php?rest_route=\/wp\/v2\/users\/1"}],"replies":[{"embeddable":true,"href":"https:\/\/comcloud.info\/index.php?rest_route=%2Fwp%2Fv2%2Fcomments&post=226"}],"version-history":[{"count":10,"href":"https:\/\/comcloud.info\/index.php?rest_route=\/wp\/v2\/pages\/226\/revisions"}],"predecessor-version":[{"id":417,"href":"https:\/\/comcloud.info\/index.php?rest_route=\/wp\/v2\/pages\/226\/revisions\/417"}],"wp:attachment":[{"href":"https:\/\/comcloud.info\/index.php?rest_route=%2Fwp%2Fv2%2Fmedia&parent=226"}],"curies":[{"name":"wp","href":"https:\/\/api.w.org\/{rel}","templated":true}]}}