{"id":216,"date":"2016-03-09T14:49:51","date_gmt":"2016-03-09T13:49:51","guid":{"rendered":"http:\/\/congion.sksne.local\/?page_id=216"},"modified":"2016-03-16T13:02:51","modified_gmt":"2016-03-16T12:02:51","slug":"philosophie","status":"publish","type":"page","link":"https:\/\/comcloud.info\/?page_id=216","title":{"rendered":"Philosophie"},"content":{"rendered":"<div class=\"wpb-content-wrapper\"><p>[vc_row css=&#8220;.vc_custom_1458054027982{margin-top: 0px !important;margin-right: 0px !important;margin-bottom: 0px !important;margin-left: 0px !important;border-top-width: 50px !important;border-right-width: 50px !important;border-bottom-width: 50px !important;border-left-width: 50px !important;padding-top: 0px !important;padding-right: 0px !important;padding-bottom: 0px !important;padding-left: 0px !important;}&#8220;][vc_column][vc_column_text]<\/p>\n<p style=\"text-align: center;\"><span style=\"font-size: 300%; color: #808080;\">Philosophie<\/span><\/p>\n<p>&nbsp;<\/p>\n<p><span style=\"font-size: 120%; color: #808080;\">F\u00fcr uns stehen drei Prinzipien im Vordergrund, wenn es darum geht, zum Vorteil und zur Zufriedenheit unserer Kunden zu arbeiten: <\/span><\/p>\n<p>&nbsp;<\/p>\n<p style=\"text-align: center;\"><span style=\"font-size: 200%; color: #4cbed3;\">Qualit\u00e4t \/ Kompetenz \/ Exklusivit\u00e4t<\/span><\/p>\n<p>&nbsp;<\/p>\n<p><span style=\"font-size: 120%; color: #808080;\">Unser Ziel ist die langfristige Kundenbindung. Wir wollen unsere Kunden \u00fcberzeugen und Vorteile f\u00fcr sie schaffen. Uns geht es dabei um Ihre Zufriedenheit, Fairness und eine gute, vertrauensvolle Zusammenarbeit. Unsere Prinzipien verpflichten uns, ganz egal, ob es sich um Mittelst\u00e4ndler oder Gro\u00dfunternehmen handelt. <\/span><\/p>\n<p>&nbsp;<\/p>\n<p><span style=\"font-size: 200%; color: #4cbed3;\">Qualit\u00e4t<\/span><\/p>\n<p>&nbsp;<\/p>\n<p><span style=\"font-size: 120%; color: #808080;\">Wir sind ein stark qualit\u00e4tsorientiertes Unternehmen und \u00fcberzeugen durch starke Serviceleistung und qualifizierte Mitarbeiter. Diese kennen durch Ihre jahrelange Erfahrung M\u00e4rkte und Produkte im Detail<\/span><\/p>\n<p>&nbsp;<\/p>\n<p><span style=\"font-size: 200%; color: #4cbed3;\">Kompetenz<\/span><\/p>\n<p>&nbsp;<\/p>\n<p><span style=\"font-size: 120%; color: #808080;\">Durch unsere kompetenten und regelm\u00e4\u00dfig weitergebildeten Mitarbeiter bieten wir Ihnen unabh\u00e4ngige Beratung und langj\u00e4hrige Erfahrung. Wir finden die f\u00fcr Sie optimale L\u00f6sung, ma\u00dfgeschneidert nach Ihren individuellen W\u00fcnschen. <\/span><\/p>\n<p>&nbsp;<\/p>\n<p><span style=\"font-size: 200%; color: #4cbed3;\">Exklusivit\u00e4t<\/span><\/p>\n<p>&nbsp;<\/p>\n<p><span style=\"font-size: 120%; color: #808080;\">Sie profitieren bei uns durch pers\u00f6nlich zugeschnittene Leistungen, wie dem vor-Ort-Service oder dem 24h-Helpdesk. Jeder Kunde erh\u00e4lt bei uns einen eigenen, f\u00fcr Ihn zust\u00e4ndigen Ansprechpartner. <\/span><\/p>\n<p>&nbsp;<\/p>\n<p><span style=\"font-size: 120%; color: #808080;\">Gro\u00dfen Wert legen wir auf eine ausgiebige Beratung und gemeinsame Zielorientierung. Bei uns erhalten Sie individuelle, auf Ihre Anforderungen zugeschnittene L\u00f6sungen, um das beste Kosten-Nutzen Verh\u00e4ltnis zu erzielen. <\/span><\/p>\n<p>&nbsp;<\/p>\n<p><span style=\"font-size: 120%; color: #808080;\">Die comcloud Consulting GmbH verf\u00fcgt \u00fcber ein gro\u00dfes Netzwerk mit vielen Ressourcen. Wir sind in der Lage, gro\u00dfe Projekte mit den n\u00f6tigen Kompetenzen zu bew\u00e4ltigen. Dabei stehen uns Experten aus vielen Branchen zur Verf\u00fcgung.<\/span>[\/vc_column_text][\/vc_column][\/vc_row]<\/p>\n<\/div>","protected":false},"excerpt":{"rendered":"<p>[vc_row css=&#8220;.vc_custom_1458054027982{margin-top: 0px !important;margin-right: 0px !important;margin-bottom: 0px !important;margin-left: 0px !important;border-top-width: 50px !important;border-right-width: 50px !important;border-bottom-width: 50px !important;border-left-width: 50px !important;padding-top: 0px !important;padding-right: 0px !important;padding-bottom: 0px !important;padding-left: 0px !important;}&#8220;][vc_column][vc_column_text] Philosophie &nbsp; F\u00fcr uns&#8230;<\/p>\n","protected":false},"author":1,"featured_media":0,"parent":0,"menu_order":0,"comment_status":"closed","ping_status":"closed","template":"","meta":{"footnotes":""},"class_list":["post-216","page","type-page","status-publish","hentry"],"_links":{"self":[{"href":"https:\/\/comcloud.info\/index.php?rest_route=\/wp\/v2\/pages\/216","targetHints":{"allow":["GET"]}}],"collection":[{"href":"https:\/\/comcloud.info\/index.php?rest_route=\/wp\/v2\/pages"}],"about":[{"href":"https:\/\/comcloud.info\/index.php?rest_route=\/wp\/v2\/types\/page"}],"author":[{"embeddable":true,"href":"https:\/\/comcloud.info\/index.php?rest_route=\/wp\/v2\/users\/1"}],"replies":[{"embeddable":true,"href":"https:\/\/comcloud.info\/index.php?rest_route=%2Fwp%2Fv2%2Fcomments&post=216"}],"version-history":[{"count":5,"href":"https:\/\/comcloud.info\/index.php?rest_route=\/wp\/v2\/pages\/216\/revisions"}],"predecessor-version":[{"id":420,"href":"https:\/\/comcloud.info\/index.php?rest_route=\/wp\/v2\/pages\/216\/revisions\/420"}],"wp:attachment":[{"href":"https:\/\/comcloud.info\/index.php?rest_route=%2Fwp%2Fv2%2Fmedia&parent=216"}],"curies":[{"name":"wp","href":"https:\/\/api.w.org\/{rel}","templated":true}]}}